{"id":243,"date":"2025-12-30T18:03:24","date_gmt":"2025-12-30T18:03:24","guid":{"rendered":"https:\/\/cms2530.commu.isfsc.be\/?page_id=243"},"modified":"2025-12-30T18:14:23","modified_gmt":"2025-12-30T18:14:23","slug":"services","status":"publish","type":"page","link":"https:\/\/cms2530.commu.isfsc.be\/index.php\/services\/","title":{"rendered":"Services"},"content":{"rendered":"<p>[et_pb_section fb_built=\u00a0\u00bb1&Prime; _builder_version=\u00a0\u00bb4.27.5&Prime; _module_preset=\u00a0\u00bbdefault\u00a0\u00bb global_colors_info=\u00a0\u00bb{}\u00a0\u00bb][et_pb_row _builder_version=\u00a0\u00bb4.27.5&Prime; _module_preset=\u00a0\u00bbdefault\u00a0\u00bb global_colors_info=\u00a0\u00bb{}\u00a0\u00bb][et_pb_column type=\u00a0\u00bb4_4&Prime; _builder_version=\u00a0\u00bb4.27.5&Prime; _module_preset=\u00a0\u00bbdefault\u00a0\u00bb global_colors_info=\u00a0\u00bb{}\u00a0\u00bb][et_pb_text _builder_version=\u00a0\u00bb4.27.5&Prime; _module_preset=\u00a0\u00bbdefault\u00a0\u00bb text_font=\u00a0\u00bbLibre Franklin||||||||\u00a0\u00bb text_text_color=\u00a0\u00bb#E0A1DA\u00a0\u00bb background_color=\u00a0\u00bb#E0A1DA\u00a0\u00bb min_height=\u00a0\u00bb7.8px\u00a0\u00bb global_colors_info=\u00a0\u00bb{}\u00a0\u00bb]<\/p>\n<h1><span style=\"font-size: xx-large;\">SERVICES<\/span><\/h1>\n<p>[\/et_pb_text][\/et_pb_column][\/et_pb_row][et_pb_row column_structure=\u00a0\u00bb1_3,1_3,1_3&Prime; _builder_version=\u00a0\u00bb4.27.5&Prime; _module_preset=\u00a0\u00bbdefault\u00a0\u00bb global_colors_info=\u00a0\u00bb{}\u00a0\u00bb][et_pb_column type=\u00a0\u00bb1_3&Prime; _builder_version=\u00a0\u00bb4.27.5&Prime; _module_preset=\u00a0\u00bbdefault\u00a0\u00bb global_colors_info=\u00a0\u00bb{}\u00a0\u00bb][et_pb_pricing_tables featured_table_header_background_color=\u00a0\u00bb#E0A1DA\u00a0\u00bb featured_table_subheader_text_color=\u00a0\u00bb#E0A1DA\u00a0\u00bb _builder_version=\u00a0\u00bb4.27.5&Prime; _module_preset=\u00a0\u00bbdefault\u00a0\u00bb subheader_text_color=\u00a0\u00bb#FFFFFF\u00a0\u00bb width=\u00a0\u00bb99.9%\u00a0\u00bb global_colors_info=\u00a0\u00bb{}\u00a0\u00bb][et_pb_pricing_table title=\u00a0\u00bbCommunity Manager \u00a0\u00bb currency=\u00a0\u00bb\u20ac\u00a0\u00bb per=\u00a0\u00bbpar mois \u00a0\u00bb sum=\u00a0\u00bb1200&Prime; header_background_color=\u00a0\u00bb#E0A1DA\u00a0\u00bb _builder_version=\u00a0\u00bb4.27.5&Prime; _module_preset=\u00a0\u00bbdefault\u00a0\u00bb global_colors_info=\u00a0\u00bb{}\u00a0\u00bb sticky_transition=\u00a0\u00bbon\u00a0\u00bb]<\/p>\n<p>D\u00e9finir une ligne \u00e9ditoriale, cr\u00e9er des visuels\/vid\u00e9os captivants, r\u00e9pondre aux commentaires et analyser l&rsquo;engagement.<\/p>\n<p>[\/et_pb_pricing_table][et_pb_pricing_table title=\u00a0\u00bbCampagne 360&Prime; currency=\u00a0\u00bb\u20ac\u00a0\u00bb per=\u00a0\u00bben fonction du type de campagne \u00a0\u00bb sum=\u00a0\u00bb\u00a0\u00a0\u00bb header_background_color=\u00a0\u00bb#E0A1DA\u00a0\u00bb _builder_version=\u00a0\u00bb4.27.5&Prime; _module_preset=\u00a0\u00bbdefault\u00a0\u00bb global_colors_info=\u00a0\u00bb{}\u00a0\u00bb sticky_transition=\u00a0\u00bbon\u00a0\u00bb]<\/p>\n<p>Une strat\u00e9gie globale o\u00f9 un seul message est d\u00e9clin\u00e9 sur <b data-path-to-node=\"6\" data-index-in-node=\"70\">tous les points de contact<\/b> possibles de mani\u00e8re coh\u00e9rente.<\/p>\n<p>Coordonner simultan\u00e9ment la publicit\u00e9 digitale (Ads), l&rsquo;affichage physique, les r\u00e9seaux sociaux, la radio, et l&rsquo;\u00e9v\u00e9nementiel.<\/p>\n<p>[\/et_pb_pricing_table][\/et_pb_pricing_tables][\/et_pb_column][et_pb_column type=\u00a0\u00bb1_3&Prime; _builder_version=\u00a0\u00bb4.27.5&Prime; _module_preset=\u00a0\u00bbdefault\u00a0\u00bb global_colors_info=\u00a0\u00bb{}\u00a0\u00bb][et_pb_pricing_tables _builder_version=\u00a0\u00bb4.27.5&Prime; _module_preset=\u00a0\u00bbdefault\u00a0\u00bb global_colors_info=\u00a0\u00bb{}\u00a0\u00bb][et_pb_pricing_table title=\u00a0\u00bbBranding &#038; Identit\u00e9 Visuelle\u00a0\u00bb currency=\u00a0\u00bb\u20ac\u00a0\u00bb per=\u00a0\u00bbforfait complet \u00a0\u00bb sum=\u00a0\u00bb10k \u00a0\u00bb header_background_color=\u00a0\u00bb#E0A1DA\u00a0\u00bb _builder_version=\u00a0\u00bb4.27.5&Prime; _module_preset=\u00a0\u00bbdefault\u00a0\u00bb global_colors_info=\u00a0\u00bb{}\u00a0\u00bb sticky_transition=\u00a0\u00bbon\u00a0\u00bb]<\/p>\n<p>cr\u00e9er un nom (naming), un logo, une palette de couleurs, des typographies et un ton de voix sp\u00e9cifique<\/p>\n<p>[\/et_pb_pricing_table][et_pb_pricing_table title=\u00a0\u00bbRelations Presse (RP) et Influence\u00a0\u00bb currency=\u00a0\u00bb\u20ac\u00a0\u00bb per=\u00a0\u00bbpar mois\u00a0\u00bb sum=\u00a0\u00bb2500&Prime; header_background_color=\u00a0\u00bb#E0A1DA\u00a0\u00bb _builder_version=\u00a0\u00bb4.27.5&Prime; _module_preset=\u00a0\u00bbdefault\u00a0\u00bb global_colors_info=\u00a0\u00bb{}\u00a0\u00bb sticky_transition=\u00a0\u00bbon\u00a0\u00bb]<\/p>\n<p>R\u00e9daction de communiqu\u00e9s de presse, organisation d&rsquo;\u00e9v\u00e9nements presse ou partenariats avec des cr\u00e9ateurs de contenu sur les r\u00e9seaux sociaux.<\/p>\n<p>[\/et_pb_pricing_table][\/et_pb_pricing_tables][\/et_pb_column][et_pb_column type=\u00a0\u00bb1_3&Prime; _builder_version=\u00a0\u00bb4.27.5&Prime; _module_preset=\u00a0\u00bbdefault\u00a0\u00bb global_colors_info=\u00a0\u00bb{}\u00a0\u00bb][\/et_pb_column][\/et_pb_row][\/et_pb_section][et_pb_section fb_built=\u00a0\u00bb1&Prime; _builder_version=\u00a0\u00bb4.27.5&Prime; _module_preset=\u00a0\u00bbdefault\u00a0\u00bb global_colors_info=\u00a0\u00bb{}\u00a0\u00bb][\/et_pb_section]<\/p>\n","protected":false},"excerpt":{"rendered":"<p>SERVICESD\u00e9finir une ligne \u00e9ditoriale, cr\u00e9er des visuels\/vid\u00e9os captivants, r\u00e9pondre aux commentaires et analyser l&rsquo;engagement.Une strat\u00e9gie globale o\u00f9 un seul message est d\u00e9clin\u00e9 sur tous les points de contact possibles de mani\u00e8re coh\u00e9rente. Coordonner simultan\u00e9ment la publicit\u00e9 digitale (Ads), l&rsquo;affichage physique, les r\u00e9seaux sociaux, la radio, et l&rsquo;\u00e9v\u00e9nementiel.cr\u00e9er un nom (naming), un logo, une palette de [&hellip;]<\/p>\n","protected":false},"author":4,"featured_media":0,"parent":0,"menu_order":0,"comment_status":"closed","ping_status":"closed","template":"","meta":{"_et_pb_use_builder":"on","_et_pb_old_content":"","_et_gb_content_width":"","footnotes":""},"class_list":["post-243","page","type-page","status-publish","hentry"],"_links":{"self":[{"href":"https:\/\/cms2530.commu.isfsc.be\/index.php\/wp-json\/wp\/v2\/pages\/243","targetHints":{"allow":["GET"]}}],"collection":[{"href":"https:\/\/cms2530.commu.isfsc.be\/index.php\/wp-json\/wp\/v2\/pages"}],"about":[{"href":"https:\/\/cms2530.commu.isfsc.be\/index.php\/wp-json\/wp\/v2\/types\/page"}],"author":[{"embeddable":true,"href":"https:\/\/cms2530.commu.isfsc.be\/index.php\/wp-json\/wp\/v2\/users\/4"}],"replies":[{"embeddable":true,"href":"https:\/\/cms2530.commu.isfsc.be\/index.php\/wp-json\/wp\/v2\/comments?post=243"}],"version-history":[{"count":5,"href":"https:\/\/cms2530.commu.isfsc.be\/index.php\/wp-json\/wp\/v2\/pages\/243\/revisions"}],"predecessor-version":[{"id":252,"href":"https:\/\/cms2530.commu.isfsc.be\/index.php\/wp-json\/wp\/v2\/pages\/243\/revisions\/252"}],"wp:attachment":[{"href":"https:\/\/cms2530.commu.isfsc.be\/index.php\/wp-json\/wp\/v2\/media?parent=243"}],"curies":[{"name":"wp","href":"https:\/\/api.w.org\/{rel}","templated":true}]}}